{"id":273,"date":"2025-12-06T14:32:47","date_gmt":"2025-12-06T14:32:47","guid":{"rendered":"https:\/\/guidemytable.fr\/?page_id=273"},"modified":"2026-03-02T07:27:13","modified_gmt":"2026-03-02T07:27:13","slug":"privacy-policy","status":"publish","type":"page","link":"https:\/\/guidemytable.fr\/en\/privacy-policy\/","title":{"rendered":"Privacy policy"},"content":{"rendered":"<div data-elementor-type=\"wp-page\" data-elementor-id=\"273\" class=\"elementor elementor-273\" data-elementor-post-type=\"page\">\n\t\t\t\t<div class=\"elementor-element elementor-element-d3fde1b e-flex e-con-boxed e-con e-parent\" data-id=\"d3fde1b\" data-element_type=\"container\" data-e-type=\"container\">\n\t\t\t\t\t<div class=\"e-con-inner\">\n\t\t\t\t<div class=\"elementor-element elementor-element-4d5146e elementor-widget elementor-widget-text-editor\" data-id=\"4d5146e\" data-element_type=\"widget\" data-e-type=\"widget\" data-widget_type=\"text-editor.default\">\n\t\t\t\t\t\t\t\t\t<p><strong>1. Collected data<\/strong><br \/>We collect the following data when you use our site:<\/p><p>Information provided on the booking form (surname, first name, email, telephone number, preferences).<\/p><p>Navigation data (via cookies).<\/p><p><strong>2. Purpose of processing<\/strong><br \/>The data collected is used for :<\/p><p>Handle reservation requests and put you in touch with a chef.<\/p><p>Improve user experience.<\/p><p>Customer service and reservation follow-up.<\/p><p><strong>3. Shelf life<\/strong><br \/>Data is kept for 1 year before deletion.<\/p><p><strong>4. User rights<\/strong><br \/>In accordance with the Data Protection Act and the RGPD, you may exercise your rights of access, rectification, opposition and deletion by contacting us at contact@guidemytable.fr<\/p>\t\t\t\t\t\t\t\t<\/div>\n\t\t\t\t\t<\/div>\n\t\t\t\t<\/div>\n\t\t\t\t<\/div>","protected":false},"excerpt":{"rendered":"<p>1. Donn\u00e9es collect\u00e9esNous collectons les donn\u00e9es suivantes lors de l\u2019utilisation de notre site : Informations fournies via le formulaire de [&hellip;]<\/p>\n","protected":false},"author":1,"featured_media":0,"parent":0,"menu_order":0,"comment_status":"closed","ping_status":"closed","template":"elementor_header_footer","meta":{"site-sidebar-layout":"no-sidebar","site-content-layout":"","ast-site-content-layout":"full-width-container","site-content-style":"default","site-sidebar-style":"default","ast-global-header-display":"","ast-banner-title-visibility":"","ast-main-header-display":"","ast-hfb-above-header-display":"","ast-hfb-below-header-display":"","ast-hfb-mobile-header-display":"","site-post-title":"disabled","ast-breadcrumbs-content":"","ast-featured-img":"disabled","footer-sml-layout":"","ast-disable-related-posts":"","theme-transparent-header-meta":"","adv-header-id-meta":"","stick-header-meta":"","header-above-stick-meta":"","header-main-stick-meta":"","header-below-stick-meta":"","astra-migrate-meta-layouts":"default","ast-page-background-enabled":"default","ast-page-background-meta":{"desktop":{"background-color":"var(--ast-global-color-5)","background-image":"","background-repeat":"repeat","background-position":"center center","background-size":"auto","background-attachment":"scroll","background-type":"","background-media":"","overlay-type":"","overlay-color":"","overlay-opacity":"","overlay-gradient":""},"tablet":{"background-color":"","background-image":"","background-repeat":"repeat","background-position":"center center","background-size":"auto","background-attachment":"scroll","background-type":"","background-media":"","overlay-type":"","overlay-color":"","overlay-opacity":"","overlay-gradient":""},"mobile":{"background-color":"","background-image":"","background-repeat":"repeat","background-position":"center center","background-size":"auto","background-attachment":"scroll","background-type":"","background-media":"","overlay-type":"","overlay-color":"","overlay-opacity":"","overlay-gradient":""}},"ast-content-background-meta":{"desktop":{"background-color":"var(--ast-global-color-4)","background-image":"","background-repeat":"repeat","background-position":"center center","background-size":"auto","background-attachment":"scroll","background-type":"","background-media":"","overlay-type":"","overlay-color":"","overlay-opacity":"","overlay-gradient":""},"tablet":{"background-color":"var(--ast-global-color-4)","background-image":"","background-repeat":"repeat","background-position":"center center","background-size":"auto","background-attachment":"scroll","background-type":"","background-media":"","overlay-type":"","overlay-color":"","overlay-opacity":"","overlay-gradient":""},"mobile":{"background-color":"var(--ast-global-color-4)","background-image":"","background-repeat":"repeat","background-position":"center center","background-size":"auto","background-attachment":"scroll","background-type":"","background-media":"","overlay-type":"","overlay-color":"","overlay-opacity":"","overlay-gradient":""}},"footnotes":""},"class_list":["post-273","page","type-page","status-publish","hentry"],"_links":{"self":[{"href":"https:\/\/guidemytable.fr\/en\/wp-json\/wp\/v2\/pages\/273","targetHints":{"allow":["GET"]}}],"collection":[{"href":"https:\/\/guidemytable.fr\/en\/wp-json\/wp\/v2\/pages"}],"about":[{"href":"https:\/\/guidemytable.fr\/en\/wp-json\/wp\/v2\/types\/page"}],"author":[{"embeddable":true,"href":"https:\/\/guidemytable.fr\/en\/wp-json\/wp\/v2\/users\/1"}],"replies":[{"embeddable":true,"href":"https:\/\/guidemytable.fr\/en\/wp-json\/wp\/v2\/comments?post=273"}],"version-history":[{"count":11,"href":"https:\/\/guidemytable.fr\/en\/wp-json\/wp\/v2\/pages\/273\/revisions"}],"predecessor-version":[{"id":5905,"href":"https:\/\/guidemytable.fr\/en\/wp-json\/wp\/v2\/pages\/273\/revisions\/5905"}],"wp:attachment":[{"href":"https:\/\/guidemytable.fr\/en\/wp-json\/wp\/v2\/media?parent=273"}],"curies":[{"name":"wp","href":"https:\/\/api.w.org\/{rel}","templated":true}]}}