{"id":564,"date":"2025-12-08T09:54:38","date_gmt":"2025-12-08T09:54:38","guid":{"rendered":"https:\/\/guidemytable.fr\/?page_id=564"},"modified":"2026-02-20T08:58:13","modified_gmt":"2026-02-20T08:58:13","slug":"private-chefs-in-the-center-val-de-loire-region","status":"publish","type":"page","link":"https:\/\/guidemytable.fr\/en\/chefs-prives-de-la-region-centre-val-de-loire\/","title":{"rendered":"Chefs priv\u00e9s \u00e0 domicile r\u00e9gion center val de loire"},"content":{"rendered":"<div data-elementor-type=\"wp-page\" data-elementor-id=\"564\" class=\"elementor elementor-564\" data-elementor-post-type=\"page\">\n\t\t\t\t<div class=\"elementor-element elementor-element-5b1e386f e-flex e-con-boxed e-con e-parent\" data-id=\"5b1e386f\" data-element_type=\"container\" data-e-type=\"container\">\n\t\t\t\t\t<div class=\"e-con-inner\">\n\t\t\t\t<div class=\"elementor-element elementor-element-3ff527d6 elementor-widget elementor-widget-spacer\" data-id=\"3ff527d6\" data-element_type=\"widget\" data-e-type=\"widget\" data-widget_type=\"spacer.default\">\n\t\t\t\t\t\t\t<div class=\"elementor-spacer\">\n\t\t\t<div class=\"elementor-spacer-inner\"><\/div>\n\t\t<\/div>\n\t\t\t\t\t\t<\/div>\n\t\t\t\t<div class=\"elementor-element elementor-element-1b8c73ab elementor-widget elementor-widget-heading\" data-id=\"1b8c73ab\" data-element_type=\"widget\" data-e-type=\"widget\" data-widget_type=\"heading.default\">\n\t\t\t\t\t<h1 class=\"elementor-heading-title elementor-size-default\">Our selection of Chefs \u00e0 domicile in Centre Val de Loire<\/h1>\t\t\t\t<\/div>\n\t\t\t\t<div class=\"elementor-element elementor-element-486aff8a elementor-widget elementor-widget-spacer\" data-id=\"486aff8a\" data-element_type=\"widget\" data-e-type=\"widget\" data-widget_type=\"spacer.default\">\n\t\t\t\t\t\t\t<div class=\"elementor-spacer\">\n\t\t\t<div class=\"elementor-spacer-inner\"><\/div>\n\t\t<\/div>\n\t\t\t\t\t\t<\/div>\n\t\t\t\t\t<\/div>\n\t\t\t\t<\/div>\n\t\t<div class=\"elementor-element elementor-element-291aea92 e-con-full e-flex e-con e-parent\" data-id=\"291aea92\" data-element_type=\"container\" data-e-type=\"container\">\n\t\t<div class=\"elementor-element elementor-element-34f6a90c e-con-full e-flex e-con e-child\" data-id=\"34f6a90c\" data-element_type=\"container\" data-e-type=\"container\">\n\t\t\t\t<div class=\"elementor-element elementor-element-6f9ed630 elementor-widget elementor-widget-image\" data-id=\"6f9ed630\" data-element_type=\"widget\" data-e-type=\"widget\" data-widget_type=\"image.default\">\n\t\t\t\t\t\t\t\t\t\t\t\t\t\t\t\t<a href=\"https:\/\/guidemytable.fr\/en\/chef-kajetan-kaczmarek\/\">\n\t\t\t\t\t\t\t<img fetchpriority=\"high\" decoding=\"async\" width=\"1290\" height=\"1580\" src=\"https:\/\/guidemytable.fr\/wp-content\/uploads\/2025\/12\/img_0628-YZ9EWGX7oQteQ5p3-min.webp\" class=\"attachment-2048x2048 size-2048x2048 wp-image-570\" alt=\"dish of beef tartare with home fries by Kajetan Kaczmarek\" srcset=\"https:\/\/guidemytable.fr\/wp-content\/uploads\/2025\/12\/img_0628-YZ9EWGX7oQteQ5p3-min.webp 1290w, https:\/\/guidemytable.fr\/wp-content\/uploads\/2025\/12\/img_0628-YZ9EWGX7oQteQ5p3-min-245x300.webp 245w, https:\/\/guidemytable.fr\/wp-content\/uploads\/2025\/12\/img_0628-YZ9EWGX7oQteQ5p3-min-836x1024.webp 836w, https:\/\/guidemytable.fr\/wp-content\/uploads\/2025\/12\/img_0628-YZ9EWGX7oQteQ5p3-min-768x941.webp 768w, https:\/\/guidemytable.fr\/wp-content\/uploads\/2025\/12\/img_0628-YZ9EWGX7oQteQ5p3-min-1254x1536.webp 1254w\" sizes=\"(max-width: 1290px) 100vw, 1290px\" \/>\t\t\t\t\t\t\t\t<\/a>\n\t\t\t\t\t\t\t\t\t\t\t\t\t\t\t<\/div>\n\t\t\t\t<div class=\"elementor-element elementor-element-1eacb4cc elementor-widget__width-initial elementor-widget elementor-widget-heading\" data-id=\"1eacb4cc\" data-element_type=\"widget\" data-e-type=\"widget\" data-widget_type=\"heading.default\">\n\t\t\t\t\t<h3 class=\"elementor-heading-title elementor-size-default\">Chef Kajetan<\/h3>\t\t\t\t<\/div>\n\t\t\t\t<div class=\"elementor-element elementor-element-2a3b461c elementor-widget-divider--view-line elementor-widget elementor-widget-divider\" data-id=\"2a3b461c\" data-element_type=\"widget\" data-e-type=\"widget\" data-widget_type=\"divider.default\">\n\t\t\t\t\t\t\t<div class=\"elementor-divider\">\n\t\t\t<span class=\"elementor-divider-separator\">\n\t\t\t\t\t\t<\/span>\n\t\t<\/div>\n\t\t\t\t\t\t<\/div>\n\t\t\t\t<div class=\"elementor-element elementor-element-388107de elementor-widget elementor-widget-image\" data-id=\"388107de\" data-element_type=\"widget\" data-e-type=\"widget\" data-widget_type=\"image.default\">\n\t\t\t\t\t\t\t\t\t\t\t\t\t\t\t<img decoding=\"async\" width=\"1772\" height=\"591\" src=\"https:\/\/guidemytable.fr\/wp-content\/uploads\/2025\/12\/60-km-autour-90.png\" class=\"attachment-full size-full wp-image-572\" alt=\"Chef Kajetan Kaczmarek&#039;s professional information\" srcset=\"https:\/\/guidemytable.fr\/wp-content\/uploads\/2025\/12\/60-km-autour-90.png 1772w, https:\/\/guidemytable.fr\/wp-content\/uploads\/2025\/12\/60-km-autour-90-300x100.png 300w, https:\/\/guidemytable.fr\/wp-content\/uploads\/2025\/12\/60-km-autour-90-1024x342.png 1024w, https:\/\/guidemytable.fr\/wp-content\/uploads\/2025\/12\/60-km-autour-90-768x256.png 768w, https:\/\/guidemytable.fr\/wp-content\/uploads\/2025\/12\/60-km-autour-90-1536x512.png 1536w\" sizes=\"(max-width: 1772px) 100vw, 1772px\" \/>\t\t\t\t\t\t\t\t\t\t\t\t\t\t\t<\/div>\n\t\t\t\t<\/div>\n\t\t\t\t<\/div>\n\t\t\t\t<\/div>","protected":false},"excerpt":{"rendered":"<p>Our selection of Chefs at home in Centre Val de Loire Chef Kajetan<\/p>","protected":false},"author":1,"featured_media":0,"parent":0,"menu_order":0,"comment_status":"closed","ping_status":"closed","template":"elementor_header_footer","meta":{"site-sidebar-layout":"no-sidebar","site-content-layout":"","ast-site-content-layout":"full-width-container","site-content-style":"default","site-sidebar-style":"default","ast-global-header-display":"","ast-banner-title-visibility":"","ast-main-header-display":"","ast-hfb-above-header-display":"","ast-hfb-below-header-display":"","ast-hfb-mobile-header-display":"","site-post-title":"disabled","ast-breadcrumbs-content":"","ast-featured-img":"disabled","footer-sml-layout":"","ast-disable-related-posts":"","theme-transparent-header-meta":"","adv-header-id-meta":"","stick-header-meta":"","header-above-stick-meta":"","header-main-stick-meta":"","header-below-stick-meta":"","astra-migrate-meta-layouts":"default","ast-page-background-enabled":"default","ast-page-background-meta":{"desktop":{"background-color":"var(--ast-global-color-5)","background-image":"","background-repeat":"repeat","background-position":"center center","background-size":"auto","background-attachment":"scroll","background-type":"","background-media":"","overlay-type":"","overlay-color":"","overlay-opacity":"","overlay-gradient":""},"tablet":{"background-color":"","background-image":"","background-repeat":"repeat","background-position":"center center","background-size":"auto","background-attachment":"scroll","background-type":"","background-media":"","overlay-type":"","overlay-color":"","overlay-opacity":"","overlay-gradient":""},"mobile":{"background-color":"","background-image":"","background-repeat":"repeat","background-position":"center center","background-size":"auto","background-attachment":"scroll","background-type":"","background-media":"","overlay-type":"","overlay-color":"","overlay-opacity":"","overlay-gradient":""}},"ast-content-background-meta":{"desktop":{"background-color":"var(--ast-global-color-4)","background-image":"","background-repeat":"repeat","background-position":"center center","background-size":"auto","background-attachment":"scroll","background-type":"","background-media":"","overlay-type":"","overlay-color":"","overlay-opacity":"","overlay-gradient":""},"tablet":{"background-color":"var(--ast-global-color-4)","background-image":"","background-repeat":"repeat","background-position":"center center","background-size":"auto","background-attachment":"scroll","background-type":"","background-media":"","overlay-type":"","overlay-color":"","overlay-opacity":"","overlay-gradient":""},"mobile":{"background-color":"var(--ast-global-color-4)","background-image":"","background-repeat":"repeat","background-position":"center center","background-size":"auto","background-attachment":"scroll","background-type":"","background-media":"","overlay-type":"","overlay-color":"","overlay-opacity":"","overlay-gradient":""}},"footnotes":""},"class_list":["post-564","page","type-page","status-publish","hentry"],"_links":{"self":[{"href":"https:\/\/guidemytable.fr\/en\/wp-json\/wp\/v2\/pages\/564","targetHints":{"allow":["GET"]}}],"collection":[{"href":"https:\/\/guidemytable.fr\/en\/wp-json\/wp\/v2\/pages"}],"about":[{"href":"https:\/\/guidemytable.fr\/en\/wp-json\/wp\/v2\/types\/page"}],"author":[{"embeddable":true,"href":"https:\/\/guidemytable.fr\/en\/wp-json\/wp\/v2\/users\/1"}],"replies":[{"embeddable":true,"href":"https:\/\/guidemytable.fr\/en\/wp-json\/wp\/v2\/comments?post=564"}],"version-history":[{"count":12,"href":"https:\/\/guidemytable.fr\/en\/wp-json\/wp\/v2\/pages\/564\/revisions"}],"predecessor-version":[{"id":4983,"href":"https:\/\/guidemytable.fr\/en\/wp-json\/wp\/v2\/pages\/564\/revisions\/4983"}],"wp:attachment":[{"href":"https:\/\/guidemytable.fr\/en\/wp-json\/wp\/v2\/media?parent=564"}],"curies":[{"name":"wp","href":"https:\/\/api.w.org\/{rel}","templated":true}]}}