{"id":719,"date":"2025-12-08T13:40:32","date_gmt":"2025-12-08T13:40:32","guid":{"rendered":"https:\/\/guidemytable.fr\/?page_id=719"},"modified":"2026-03-02T07:26:22","modified_gmt":"2026-03-02T07:26:22","slug":"legal-notice","status":"publish","type":"page","link":"https:\/\/guidemytable.fr\/en\/mentions-legales\/","title":{"rendered":"Terms of use"},"content":{"rendered":"<div data-elementor-type=\"wp-page\" data-elementor-id=\"719\" class=\"elementor elementor-719\" data-elementor-post-type=\"page\">\n\t\t\t\t<div class=\"elementor-element elementor-element-7fffde1 e-flex e-con-boxed e-con e-parent\" data-id=\"7fffde1\" data-element_type=\"container\" data-e-type=\"container\">\n\t\t\t\t\t<div class=\"e-con-inner\">\n\t\t\t\t<div class=\"elementor-element elementor-element-5b615c5 elementor-widget elementor-widget-heading\" data-id=\"5b615c5\" data-element_type=\"widget\" data-e-type=\"widget\" data-widget_type=\"heading.default\">\n\t\t\t\t\t<h1 class=\"elementor-heading-title elementor-size-default\">Terms of use<\/h1>\t\t\t\t<\/div>\n\t\t\t\t<div class=\"elementor-element elementor-element-69f0941 elementor-widget elementor-widget-text-editor\" data-id=\"69f0941\" data-element_type=\"widget\" data-e-type=\"widget\" data-widget_type=\"text-editor.default\">\n\t\t\t\t\t\t\t\t\t<p class=\"body\" dir=\"auto\"><strong>1. Site editor<\/strong><br \/>GUIDE MYTABLE SAS<br \/>Registered office: 59 RUE DE PONTHIEU, BUREAU 326, <br \/>75008 PARIS 8E ARRONDISSEMENT <br \/>Email : contact@guidemytable.fr<br \/>Telephone: 0754806931<br \/>SIRET : 90517259900029<br \/>Publication manager: Adam Camille<\/p><p class=\"body\" dir=\"auto\"><strong>2. Site host<\/strong><br \/>Name: Hostinger<br \/>Address: 61 Lordou Vironos Street, 6023 Larnaca, Cyprus<br \/>Website: https:\/\/www.hostinger.fr\/<\/p><p class=\"body\" dir=\"auto\"><strong>3.1 Intellectual property<\/strong><br \/>The entire content of the Guide MyTable website is protected by intellectual property laws. Any reproduction, even partial, is forbidden without authorization.<\/p><p class=\"body\" dir=\"auto\"><strong>3.2 Use of content provided by Chefs<\/strong><br \/>By submitting content (texts, images, videos, etc.) via the membership form, the Chef grants Guide MyTable a non-exclusive, free and transferable right to use, reproduce and distribute this content as part of the promotion of the Guide MyTable website and social networks. The sole purpose of this use is to promote the services offered by the platform and the registered chefs.<\/p><p class=\"body\" dir=\"auto\"><strong>4. Liability<\/strong><br \/>Guide MyTable makes every effort to ensure the accuracy of the information published, but cannot be held responsible for any errors or omissions, or for any use that may be made thereof.<\/p><p class=\"body\" dir=\"auto\"><strong>5 Limitation of liability<\/strong><\/p><p class=\"body\" dir=\"auto\">Guide MyTable acts solely as a platform for connecting customers with the private chefs listed on the site. We are neither employers nor providers of culinary services, and we do not intervene in the execution of services.<\/p><p class=\"body\" dir=\"auto\">Consequently, Guide MyTable cannot be held responsible:<\/p><ul dir=\"auto\"><li><p class=\"body\" dir=\"auto\">The quality, conformity or execution of services provided by private chefs.<\/p><\/li><li><p class=\"body\" dir=\"auto\">Any dispute, damage or loss arising from the relationship between the customer and the private chef.<\/p><\/li><li><p class=\"body\" dir=\"auto\">Commitments made by private chefs regarding menus, schedules or any other service conditions.<\/p><\/li><\/ul><p class=\"body\" dir=\"auto\">Any complaint concerning a service must be addressed directly to the private chef concerned.<\/p>\t\t\t\t\t\t\t\t<\/div>\n\t\t\t\t\t<\/div>\n\t\t\t\t<\/div>\n\t\t\t\t<\/div>","protected":false},"excerpt":{"rendered":"<p>Mentions l\u00e9gales 1. \u00c9diteur du siteGUIDE MYTABLE SASSi\u00e8ge Social : 59 RUE DE PONTHIEU, BUREAU 326, 75008 PARIS 8E ARRONDISSEMENT [&hellip;]<\/p>\n","protected":false},"author":1,"featured_media":0,"parent":0,"menu_order":0,"comment_status":"closed","ping_status":"closed","template":"elementor_header_footer","meta":{"site-sidebar-layout":"no-sidebar","site-content-layout":"","ast-site-content-layout":"full-width-container","site-content-style":"default","site-sidebar-style":"default","ast-global-header-display":"","ast-banner-title-visibility":"","ast-main-header-display":"","ast-hfb-above-header-display":"","ast-hfb-below-header-display":"","ast-hfb-mobile-header-display":"","site-post-title":"disabled","ast-breadcrumbs-content":"","ast-featured-img":"disabled","footer-sml-layout":"","ast-disable-related-posts":"","theme-transparent-header-meta":"","adv-header-id-meta":"","stick-header-meta":"","header-above-stick-meta":"","header-main-stick-meta":"","header-below-stick-meta":"","astra-migrate-meta-layouts":"default","ast-page-background-enabled":"default","ast-page-background-meta":{"desktop":{"background-color":"var(--ast-global-color-5)","background-image":"","background-repeat":"repeat","background-position":"center center","background-size":"auto","background-attachment":"scroll","background-type":"","background-media":"","overlay-type":"","overlay-color":"","overlay-opacity":"","overlay-gradient":""},"tablet":{"background-color":"","background-image":"","background-repeat":"repeat","background-position":"center center","background-size":"auto","background-attachment":"scroll","background-type":"","background-media":"","overlay-type":"","overlay-color":"","overlay-opacity":"","overlay-gradient":""},"mobile":{"background-color":"","background-image":"","background-repeat":"repeat","background-position":"center center","background-size":"auto","background-attachment":"scroll","background-type":"","background-media":"","overlay-type":"","overlay-color":"","overlay-opacity":"","overlay-gradient":""}},"ast-content-background-meta":{"desktop":{"background-color":"var(--ast-global-color-4)","background-image":"","background-repeat":"repeat","background-position":"center center","background-size":"auto","background-attachment":"scroll","background-type":"","background-media":"","overlay-type":"","overlay-color":"","overlay-opacity":"","overlay-gradient":""},"tablet":{"background-color":"var(--ast-global-color-4)","background-image":"","background-repeat":"repeat","background-position":"center center","background-size":"auto","background-attachment":"scroll","background-type":"","background-media":"","overlay-type":"","overlay-color":"","overlay-opacity":"","overlay-gradient":""},"mobile":{"background-color":"var(--ast-global-color-4)","background-image":"","background-repeat":"repeat","background-position":"center center","background-size":"auto","background-attachment":"scroll","background-type":"","background-media":"","overlay-type":"","overlay-color":"","overlay-opacity":"","overlay-gradient":""}},"footnotes":""},"class_list":["post-719","page","type-page","status-publish","hentry"],"_links":{"self":[{"href":"https:\/\/guidemytable.fr\/en\/wp-json\/wp\/v2\/pages\/719","targetHints":{"allow":["GET"]}}],"collection":[{"href":"https:\/\/guidemytable.fr\/en\/wp-json\/wp\/v2\/pages"}],"about":[{"href":"https:\/\/guidemytable.fr\/en\/wp-json\/wp\/v2\/types\/page"}],"author":[{"embeddable":true,"href":"https:\/\/guidemytable.fr\/en\/wp-json\/wp\/v2\/users\/1"}],"replies":[{"embeddable":true,"href":"https:\/\/guidemytable.fr\/en\/wp-json\/wp\/v2\/comments?post=719"}],"version-history":[{"count":7,"href":"https:\/\/guidemytable.fr\/en\/wp-json\/wp\/v2\/pages\/719\/revisions"}],"predecessor-version":[{"id":5902,"href":"https:\/\/guidemytable.fr\/en\/wp-json\/wp\/v2\/pages\/719\/revisions\/5902"}],"wp:attachment":[{"href":"https:\/\/guidemytable.fr\/en\/wp-json\/wp\/v2\/media?parent=719"}],"curies":[{"name":"wp","href":"https:\/\/api.w.org\/{rel}","templated":true}]}}