{"id":732,"date":"2025-12-08T13:45:15","date_gmt":"2025-12-08T13:45:15","guid":{"rendered":"https:\/\/guidemytable.fr\/?page_id=732"},"modified":"2026-02-10T16:47:25","modified_gmt":"2026-02-10T16:47:25","slug":"cgu","status":"publish","type":"page","link":"https:\/\/guidemytable.fr\/en\/cgu\/","title":{"rendered":"Terms and conditions of use"},"content":{"rendered":"<div data-elementor-type=\"wp-page\" data-elementor-id=\"732\" class=\"elementor elementor-732\" data-elementor-post-type=\"page\">\n\t\t\t\t<div class=\"elementor-element elementor-element-29dbab12 e-flex e-con-boxed e-con e-parent\" data-id=\"29dbab12\" data-element_type=\"container\" data-e-type=\"container\">\n\t\t\t\t\t<div class=\"e-con-inner\">\n\t\t\t\t<div class=\"elementor-element elementor-element-c5325b0 elementor-widget elementor-widget-heading\" data-id=\"c5325b0\" data-element_type=\"widget\" data-e-type=\"widget\" data-widget_type=\"heading.default\">\n\t\t\t\t\t<h1 class=\"elementor-heading-title elementor-size-default\">TERMS AND CONDITIONS OF USE (CGU)<\/h1>\t\t\t\t<\/div>\n\t\t\t\t<div class=\"elementor-element elementor-element-36acc730 elementor-widget elementor-widget-text-editor\" data-id=\"36acc730\" data-element_type=\"widget\" data-e-type=\"widget\" data-widget_type=\"text-editor.default\">\n\t\t\t\t\t\t\t\t\t<p class=\"body\" dir=\"auto\"><strong>1. Purpose<\/strong><br \/>These Terms and Conditions define the rules governing use of the Guide MyTable site and the rights and obligations of users.<\/p><p class=\"body\" dir=\"auto\"><strong>2. Site access and use<\/strong><br \/>Access to the site is free of charge. Users must provide accurate information when booking.<\/p><p class=\"body\" dir=\"auto\"><strong>3. Service regulations<\/strong><br \/>Guide MyTable is a platform that connects customers with private chefs. We are not responsible for the quality of the services provided by the chefs.<\/p><p class=\"body\" dir=\"auto\"><strong>4. Liability<\/strong><br \/>The user undertakes to use the site in accordance with the law and may not hold Guide MyTable liable for any misuse.<\/p><p class=\"body\" dir=\"auto\">Guide MyTable acts solely as a platform for connecting customers with the private chefs listed on the site. We are neither employers nor providers of culinary services, and we do not intervene in the execution of services.<\/p><p class=\"body\" dir=\"auto\">Consequently, Guide MyTable cannot be held responsible:<\/p><ul dir=\"auto\"><li><p class=\"body\" dir=\"auto\">The quality, conformity or execution of services provided by private chefs.<\/p><\/li><li><p class=\"body\" dir=\"auto\">Any dispute, damage or loss arising from the relationship between the customer and the private chef.<\/p><\/li><li><p class=\"body\" dir=\"auto\">Commitments made by private chefs regarding menus, schedules or any other service conditions.<\/p><\/li><\/ul><p class=\"body\" dir=\"auto\">Any complaint concerning a service must be addressed directly to the private chef concerned.<\/p>\t\t\t\t\t\t\t\t<\/div>\n\t\t\t\t\t<\/div>\n\t\t\t\t<\/div>\n\t\t\t\t<\/div>","protected":false},"excerpt":{"rendered":"<p>CONDITIONS G\u00c9N\u00c9RALES D\u2019UTILISATION (CGU) 1. ObjetLes pr\u00e9sentes CGU d\u00e9finissent les r\u00e8gles d\u2019utilisation du site Guide MyTable ainsi que les droits [&hellip;]<\/p>\n","protected":false},"author":1,"featured_media":0,"parent":0,"menu_order":0,"comment_status":"closed","ping_status":"closed","template":"elementor_header_footer","meta":{"site-sidebar-layout":"no-sidebar","site-content-layout":"","ast-site-content-layout":"full-width-container","site-content-style":"default","site-sidebar-style":"default","ast-global-header-display":"","ast-banner-title-visibility":"","ast-main-header-display":"","ast-hfb-above-header-display":"","ast-hfb-below-header-display":"","ast-hfb-mobile-header-display":"","site-post-title":"disabled","ast-breadcrumbs-content":"","ast-featured-img":"disabled","footer-sml-layout":"","ast-disable-related-posts":"","theme-transparent-header-meta":"","adv-header-id-meta":"","stick-header-meta":"","header-above-stick-meta":"","header-main-stick-meta":"","header-below-stick-meta":"","astra-migrate-meta-layouts":"default","ast-page-background-enabled":"default","ast-page-background-meta":{"desktop":{"background-color":"var(--ast-global-color-5)","background-image":"","background-repeat":"repeat","background-position":"center center","background-size":"auto","background-attachment":"scroll","background-type":"","background-media":"","overlay-type":"","overlay-color":"","overlay-opacity":"","overlay-gradient":""},"tablet":{"background-color":"","background-image":"","background-repeat":"repeat","background-position":"center center","background-size":"auto","background-attachment":"scroll","background-type":"","background-media":"","overlay-type":"","overlay-color":"","overlay-opacity":"","overlay-gradient":""},"mobile":{"background-color":"","background-image":"","background-repeat":"repeat","background-position":"center center","background-size":"auto","background-attachment":"scroll","background-type":"","background-media":"","overlay-type":"","overlay-color":"","overlay-opacity":"","overlay-gradient":""}},"ast-content-background-meta":{"desktop":{"background-color":"var(--ast-global-color-4)","background-image":"","background-repeat":"repeat","background-position":"center center","background-size":"auto","background-attachment":"scroll","background-type":"","background-media":"","overlay-type":"","overlay-color":"","overlay-opacity":"","overlay-gradient":""},"tablet":{"background-color":"var(--ast-global-color-4)","background-image":"","background-repeat":"repeat","background-position":"center center","background-size":"auto","background-attachment":"scroll","background-type":"","background-media":"","overlay-type":"","overlay-color":"","overlay-opacity":"","overlay-gradient":""},"mobile":{"background-color":"var(--ast-global-color-4)","background-image":"","background-repeat":"repeat","background-position":"center center","background-size":"auto","background-attachment":"scroll","background-type":"","background-media":"","overlay-type":"","overlay-color":"","overlay-opacity":"","overlay-gradient":""}},"footnotes":""},"class_list":["post-732","page","type-page","status-publish","hentry"],"_links":{"self":[{"href":"https:\/\/guidemytable.fr\/en\/wp-json\/wp\/v2\/pages\/732","targetHints":{"allow":["GET"]}}],"collection":[{"href":"https:\/\/guidemytable.fr\/en\/wp-json\/wp\/v2\/pages"}],"about":[{"href":"https:\/\/guidemytable.fr\/en\/wp-json\/wp\/v2\/types\/page"}],"author":[{"embeddable":true,"href":"https:\/\/guidemytable.fr\/en\/wp-json\/wp\/v2\/users\/1"}],"replies":[{"embeddable":true,"href":"https:\/\/guidemytable.fr\/en\/wp-json\/wp\/v2\/comments?post=732"}],"version-history":[{"count":8,"href":"https:\/\/guidemytable.fr\/en\/wp-json\/wp\/v2\/pages\/732\/revisions"}],"predecessor-version":[{"id":4878,"href":"https:\/\/guidemytable.fr\/en\/wp-json\/wp\/v2\/pages\/732\/revisions\/4878"}],"wp:attachment":[{"href":"https:\/\/guidemytable.fr\/en\/wp-json\/wp\/v2\/media?parent=732"}],"curies":[{"name":"wp","href":"https:\/\/api.w.org\/{rel}","templated":true}]}}